{"id":50,"date":"2022-03-16T22:26:57","date_gmt":"2022-03-16T22:26:57","guid":{"rendered":"http:\/\/192.168.0.98\/?page_id=50"},"modified":"2026-03-18T14:07:00","modified_gmt":"2026-03-18T14:07:00","slug":"quienes-somos","status":"publish","type":"page","link":"https:\/\/aeroespacio.com.ar\/?page_id=50","title":{"rendered":"Qui\u00e9nes somos"},"content":{"rendered":"\t\t<div data-elementor-type=\"wp-page\" data-elementor-id=\"50\" class=\"elementor elementor-50\">\n\t\t\t\t\t\t<section class=\"elementor-section elementor-top-section elementor-element elementor-element-5eefab1 elementor-section-content-middle elementor-section-boxed elementor-section-height-default elementor-section-height-default\" data-id=\"5eefab1\" data-element_type=\"section\" data-e-type=\"section\" data-settings=\"{&quot;background_background&quot;:&quot;classic&quot;}\">\n\t\t\t\t\t\t\t<div class=\"elementor-background-overlay\"><\/div>\n\t\t\t\t\t\t\t<div class=\"elementor-container elementor-column-gap-no\">\n\t\t\t\t\t<div class=\"elementor-column elementor-col-100 elementor-top-column elementor-element elementor-element-c650856\" data-id=\"c650856\" data-element_type=\"column\" data-e-type=\"column\">\n\t\t\t<div class=\"elementor-widget-wrap elementor-element-populated\">\n\t\t\t\t\t\t<div class=\"elementor-element elementor-element-8a53c3a elementor-widget elementor-widget-spacer\" data-id=\"8a53c3a\" data-element_type=\"widget\" data-e-type=\"widget\" data-widget_type=\"spacer.default\">\n\t\t\t\t<div class=\"elementor-widget-container\">\n\t\t\t\t\t\t\t<div class=\"elementor-spacer\">\n\t\t\t<div class=\"elementor-spacer-inner\"><\/div>\n\t\t<\/div>\n\t\t\t\t\t\t<\/div>\n\t\t\t\t<\/div>\n\t\t\t\t\t<\/div>\n\t\t<\/div>\n\t\t\t\t\t<\/div>\n\t\t<\/section>\n\t\t\t\t<section class=\"elementor-section elementor-top-section elementor-element elementor-element-5ddf1589 elementor-section-content-middle elementor-section-boxed elementor-section-height-default elementor-section-height-default\" data-id=\"5ddf1589\" data-element_type=\"section\" data-e-type=\"section\" data-settings=\"{&quot;background_background&quot;:&quot;classic&quot;}\">\n\t\t\t\t\t\t<div class=\"elementor-container elementor-column-gap-wide\">\n\t\t\t\t\t<div class=\"elementor-column elementor-col-50 elementor-top-column elementor-element elementor-element-26d3873c\" data-id=\"26d3873c\" data-element_type=\"column\" data-e-type=\"column\">\n\t\t\t<div class=\"elementor-widget-wrap elementor-element-populated\">\n\t\t\t\t\t\t<div class=\"elementor-element elementor-element-2d716ff elementor-widget elementor-widget-image\" data-id=\"2d716ff\" data-element_type=\"widget\" data-e-type=\"widget\" data-widget_type=\"image.default\">\n\t\t\t\t<div class=\"elementor-widget-container\">\n\t\t\t\t\t\t\t\t\t\t\t\t\t\t\t<img fetchpriority=\"high\" decoding=\"async\" width=\"963\" height=\"945\" src=\"https:\/\/aeroespacio.com.ar\/wp-content\/uploads\/2025\/10\/Portada-Nota-II.png\" class=\"attachment-large size-large wp-image-17401\" alt=\"\" srcset=\"https:\/\/aeroespacio.com.ar\/wp-content\/uploads\/2025\/10\/Portada-Nota-II.png 963w, https:\/\/aeroespacio.com.ar\/wp-content\/uploads\/2025\/10\/Portada-Nota-II-300x294.png 300w, https:\/\/aeroespacio.com.ar\/wp-content\/uploads\/2025\/10\/Portada-Nota-II-768x754.png 768w\" sizes=\"(max-width: 963px) 100vw, 963px\" \/>\t\t\t\t\t\t\t\t\t\t\t\t\t\t\t<\/div>\n\t\t\t\t<\/div>\n\t\t\t\t\t<\/div>\n\t\t<\/div>\n\t\t\t\t<div class=\"elementor-column elementor-col-50 elementor-top-column elementor-element elementor-element-20cfee6\" data-id=\"20cfee6\" data-element_type=\"column\" data-e-type=\"column\">\n\t\t\t<div class=\"elementor-widget-wrap elementor-element-populated\">\n\t\t\t\t\t\t<div class=\"elementor-element elementor-element-29fc1f7 elementor-widget-tablet__width-initial elementor-widget__width-initial elementor-widget elementor-widget-text-editor\" data-id=\"29fc1f7\" data-element_type=\"widget\" data-e-type=\"widget\" data-widget_type=\"text-editor.default\">\n\t\t\t\t<div class=\"elementor-widget-container\">\n\t\t\t\t\t\t\t\t\t<p>La revista <strong>aeroespacio<\/strong>\u00a0es una publicaci\u00f3n de la Fuerza A\u00e9rea Argentina que naci\u00f3 en octubre de 1941 con el nombre de Bolet\u00edn Informativo y era editada por el entonces Comando de Aviaci\u00f3n del Ej\u00e9rcito. Surgi\u00f3 con el prop\u00f3sito de acompa\u00f1ar el desarrollo\u00a0aeron\u00e1utico y espacial, y de dar a conocer los hechos m\u00e1s trascendentales del quehacer a\u00e9reo de la regi\u00f3n y del mundo.<\/p><p>Luego de 80 a\u00f1os de existencia y de m\u00e1s de 50 000 p\u00e1ginas impresas, nuestra publicaci\u00f3n se ha convertido en una revista de culto, coleccionable, para todos aquellos que aman la ciencia y el arte de volar.\u00a0<strong>aeroespacio<\/strong> es considerada como la revista especializada de mayor prestigio en el mundo aeron\u00e1utico.<\/p><p>En 2018, fue declarada de \u201cInter\u00e9s para la Comunicaci\u00f3n Social y Cultural\u201d por la Legislatura de la Ciudad Aut\u00f3noma de Buenos Aires.<\/p>\t\t\t\t\t\t\t\t<\/div>\n\t\t\t\t<\/div>\n\t\t\t\t<div class=\"elementor-element elementor-element-c9213b1 elementor-widget-tablet__width-initial elementor-widget__width-initial elementor-widget elementor-widget-text-editor\" data-id=\"c9213b1\" data-element_type=\"widget\" data-e-type=\"widget\" data-widget_type=\"text-editor.default\">\n\t\t\t\t<div class=\"elementor-widget-container\">\n\t\t\t\t\t\t\t\t\t<p><strong>Ministerio de Defensa<\/strong><\/p><p>TG Carlos Alberto Presti\u00a0<\/p><p><strong>Fuerza A\u00e9rea Argentina\u00a0\u00a0<\/strong><\/p><p>BM Gustavo Javier Valverde\u00a0 \u00a0 \u00a0 \u00a0 \u00a0 \u00a0 \u00a0 \u00a0 \u00a0 \u00a0 \u00a0<\/p><p><strong>Secretar\u00eda General\u00a0 \u00a0 \u00a0 \u00a0 \u00a0 \u00a0<\/strong><\/p><p>CM Javier \u00c1ngel Rojas\u00a0 \u00a0 \u00a0 \u00a0 \u00a0 \u00a0<\/p><p><strong>Departamento Producciones Aeron\u00e1uticas\u00a0 \u00a0 \u00a0 \u00a0 \u00a0 \u00a0 \u00a0 \u00a0 \u00a0 \u00a0 \u00a0 \u00a0<\/strong><\/p><p>Jefe: MY Christian Rumachella\u00a0 \u00a0 \u00a0 \u00a0 \u00a0 \u00a0 \u00a0 \u00a0 \u00a0 \u00a0\u00a0 \u00a0 \u00a0 \u00a0\u00a0<\/p><p><strong>Divisi\u00f3n Comunicaci\u00f3n Gr\u00e1fica y Digital<\/strong><strong>\u00a0 \u00a0 <\/strong><\/p><p>Jefe: CT Laura Pereyra<\/p>\t\t\t\t\t\t\t\t<\/div>\n\t\t\t\t<\/div>\n\t\t\t\t\t<\/div>\n\t\t<\/div>\n\t\t\t\t\t<\/div>\n\t\t<\/section>\n\t\t\t\t<section class=\"elementor-section elementor-top-section elementor-element elementor-element-ead7842 elementor-section-boxed elementor-section-height-default elementor-section-height-default\" data-id=\"ead7842\" data-element_type=\"section\" data-e-type=\"section\" data-settings=\"{&quot;background_background&quot;:&quot;classic&quot;}\">\n\t\t\t\t\t\t\t<div class=\"elementor-background-overlay\"><\/div>\n\t\t\t\t\t\t\t<div class=\"elementor-container elementor-column-gap-default\">\n\t\t\t\t\t<div class=\"elementor-column elementor-col-100 elementor-top-column elementor-element elementor-element-d5bfdf3\" data-id=\"d5bfdf3\" data-element_type=\"column\" data-e-type=\"column\" data-settings=\"{&quot;background_background&quot;:&quot;classic&quot;}\">\n\t\t\t<div class=\"elementor-widget-wrap elementor-element-populated\">\n\t\t\t\t\t<div class=\"elementor-background-overlay\"><\/div>\n\t\t\t\t\t\t<div class=\"elementor-element elementor-element-03214a5 elementor-widget elementor-widget-heading\" data-id=\"03214a5\" data-element_type=\"widget\" data-e-type=\"widget\" data-widget_type=\"heading.default\">\n\t\t\t\t<div class=\"elementor-widget-container\">\n\t\t\t\t\t<h2 class=\"elementor-heading-title elementor-size-default\">Staff<\/h2>\t\t\t\t<\/div>\n\t\t\t\t<\/div>\n\t\t\t\t\t<\/div>\n\t\t<\/div>\n\t\t\t\t\t<\/div>\n\t\t<\/section>\n\t\t<div class=\"elementor-element elementor-element-8b13c22 e-flex e-con-boxed e-con e-parent\" data-id=\"8b13c22\" data-element_type=\"container\" data-e-type=\"container\" data-settings=\"{&quot;background_background&quot;:&quot;classic&quot;}\">\n\t\t\t\t\t<div class=\"e-con-inner\">\n\t\t<div class=\"elementor-element elementor-element-020a31a e-con-full e-flex e-con e-child\" data-id=\"020a31a\" data-element_type=\"container\" data-e-type=\"container\">\n\t\t\t\t<div class=\"elementor-element elementor-element-7016dcf elementor-widget elementor-widget-text-editor\" data-id=\"7016dcf\" data-element_type=\"widget\" data-e-type=\"widget\" data-widget_type=\"text-editor.default\">\n\t\t\t\t<div class=\"elementor-widget-container\">\n\t\t\t\t\t\t\t\t\t<div dir=\"auto\" style=\"text-align: center;\"><strong>Director\/Jefe editorial<\/strong><\/div><div dir=\"auto\" style=\"text-align: center;\">MY Christian Rumachella<\/div><div dir=\"auto\" style=\"text-align: center;\">direccion.aeroespacio@gmail.com<\/div><div dir=\"auto\" style=\"text-align: center;\"><strong>Jefa de Redacci\u00f3n<\/strong><\/div><div dir=\"auto\" style=\"text-align: center;\">CT Laura Pereyra<\/div><div dir=\"auto\" style=\"text-align: center;\"><p><span style=\"color: #3366ff;\">jredaccionaeroespacio@gmail.<wbr \/>com<\/span><\/p><\/div><div dir=\"auto\" style=\"text-align: center;\"><strong>Sitio web\/<\/strong><strong>Encargada<\/strong><\/div><div dir=\"auto\" style=\"text-align: center;\">Ver\u00f3nica Seeber<\/div><div dir=\"auto\" style=\"text-align: center;\"><a href=\"mailto:vi_seeber@faa.mil.ar\">vi_seeber@faa.mil.ar<\/a><\/div><div dir=\"auto\" style=\"text-align: center;\"><strong>Redacci\u00f3n<\/strong><\/div><div dir=\"auto\" style=\"text-align: center;\">CT Laura Pereyra<br \/>Ver\u00f3nica Seeber<\/div><div dir=\"auto\" style=\"text-align: center;\">Mar\u00eda Laura Az\u00e1s<\/div><div dir=\"auto\" style=\"text-align: center;\">Agust\u00edn Boffi<br \/>Lucila Gim\u00e9nez<\/div><div dir=\"auto\" style=\"text-align: center;\">Juan Francisco D\u00edaz Thompson<br \/>Alejandra Sonzini<\/div><div dir=\"auto\" style=\"text-align: center;\"><p><span style=\"color: #3366ff;\">aeroespacio.prensa@gmail.com<\/span><\/p><\/div><div dir=\"auto\" style=\"text-align: center;\"><strong>Correcci\u00f3n\/Edici\u00f3n<\/strong><\/div><div dir=\"auto\" style=\"text-align: center;\">Juliana Matarrita<\/div><div dir=\"auto\" style=\"text-align: center;\">Mar\u00eda Laura Az\u00e1s<\/div><div dir=\"auto\" style=\"text-align: center;\">\u00a0<\/div><div dir=\"auto\" style=\"text-align: center;\"><strong>Arte y Dise\u00f1o<\/strong><\/div><div dir=\"auto\" style=\"text-align: center;\">CT Javier Flores<\/div><div dir=\"auto\" style=\"text-align: center;\">Mayra Pereyra<\/div><div dir=\"auto\"><div dir=\"auto\" style=\"text-align: center;\"><span style=\"color: #3366ff;\">arteaeroespacio@gmail.com<\/span><\/div><\/div>\t\t\t\t\t\t\t\t<\/div>\n\t\t\t\t<\/div>\n\t\t\t\t<\/div>\n\t\t<div class=\"elementor-element elementor-element-38dfcd6 e-con-full e-flex e-con e-child\" data-id=\"38dfcd6\" data-element_type=\"container\" data-e-type=\"container\">\n\t\t\t\t<div class=\"elementor-element elementor-element-8ae1c9d elementor-widget elementor-widget-text-editor\" data-id=\"8ae1c9d\" data-element_type=\"widget\" data-e-type=\"widget\" data-widget_type=\"text-editor.default\">\n\t\t\t\t<div class=\"elementor-widget-container\">\n\t\t\t\t\t\t\t\t\t<div dir=\"auto\"><div dir=\"auto\"><div dir=\"auto\" style=\"text-align: left;\"><p style=\"text-align: center;\"><strong>Producciones Audiovisuales<\/strong><br \/>Lucila Gim\u00e9nez<br \/><span style=\"color: #3366ff;\">audiovisuales.aeroespacio@gmail.com<\/span><\/p><p style=\"text-align: center;\"><strong>Comercial y Publicidad<\/strong><br \/>CT Marcos Moreyra<br \/>CP Diego Sacaba<br \/><span style=\"color: #3366ff;\">aeroespaciocomercial@gmail.com<\/span><\/p><p style=\"text-align: center;\"><strong>Log\u00edstica y Distribuci\u00f3n<\/strong><br \/>CP Diego Sacaba<br \/>VS Santiago Altamirano<br \/>Leandro Viola\u00a0<\/p><p style=\"text-align: center;\"><strong>Local de Ventas<\/strong><br \/>VS Gustavo Lugones\u00a0<br \/>VS Nicol\u00e1s B\u00e1ez<br \/><a href=\"https:\/\/www.instagram.com\/aeroespacio.boutique?igsh=MXZ4azdxdnBtbmF3Mg==\">@aeroespacio.boutique<\/a><br \/>(54-11) 3972-8269<\/p><p style=\"text-align: center;\"><strong>Redes sociales<\/strong><br \/>Agust\u00edn Boffi<br \/>Lucila Gim\u00e9nez<br \/>Juan Francisco D\u00edaz Thompson<br \/><a href=\"redesaeroespacio@gmail.com\">redesaeroespacio@gmail.com<\/a><\/p><\/div><\/div><\/div>\t\t\t\t\t\t\t\t<\/div>\n\t\t\t\t<\/div>\n\t\t\t\t<\/div>\n\t\t\t\t\t<\/div>\n\t\t\t\t<\/div>\n\t\t<div class=\"elementor-element elementor-element-3c05ae6 e-flex e-con-boxed e-con e-parent\" data-id=\"3c05ae6\" data-element_type=\"container\" data-e-type=\"container\">\n\t\t\t\t\t<div class=\"e-con-inner\">\n\t\t\t\t<div class=\"elementor-element elementor-element-be29816 elementor-widget elementor-widget-spacer\" data-id=\"be29816\" data-element_type=\"widget\" data-e-type=\"widget\" data-widget_type=\"spacer.default\">\n\t\t\t\t<div class=\"elementor-widget-container\">\n\t\t\t\t\t\t\t<div class=\"elementor-spacer\">\n\t\t\t<div class=\"elementor-spacer-inner\"><\/div>\n\t\t<\/div>\n\t\t\t\t\t\t<\/div>\n\t\t\t\t<\/div>\n\t\t\t\t\t<\/div>\n\t\t\t\t<\/div>\n\t\t\t\t<\/div>\n\t\t","protected":false},"excerpt":{"rendered":"<p>La revista aeroespacio\u00a0es una publicaci\u00f3n de la Fuerza A\u00e9rea Argentina que naci\u00f3 en octubre de 1941 con el nombre de [&hellip;]<\/p>\n","protected":false},"author":20,"featured_media":0,"parent":0,"menu_order":0,"comment_status":"closed","ping_status":"closed","template":"elementor_header_footer","meta":{"site-sidebar-layout":"default","site-content-layout":"","ast-site-content-layout":"default","site-content-style":"default","site-sidebar-style":"default","ast-global-header-display":"","ast-banner-title-visibility":"","ast-main-header-display":"","ast-hfb-above-header-display":"","ast-hfb-below-header-display":"","ast-hfb-mobile-header-display":"","site-post-title":"","ast-breadcrumbs-content":"","ast-featured-img":"","footer-sml-layout":"","ast-disable-related-posts":"","theme-transparent-header-meta":"","adv-header-id-meta":"","stick-header-meta":"","header-above-stick-meta":"","header-main-stick-meta":"","header-below-stick-meta":"","astra-migrate-meta-layouts":"default","ast-page-background-enabled":"default","ast-page-background-meta":{"desktop":{"background-color":"var(--ast-global-color-5)","background-image":"","background-repeat":"repeat","background-position":"center center","background-size":"auto","background-attachment":"scroll","background-type":"","background-media":"","overlay-type":"","overlay-color":"","overlay-opacity":"","overlay-gradient":""},"tablet":{"background-color":"","background-image":"","background-repeat":"repeat","background-position":"center center","background-size":"auto","background-attachment":"scroll","background-type":"","background-media":"","overlay-type":"","overlay-color":"","overlay-opacity":"","overlay-gradient":""},"mobile":{"background-color":"","background-image":"","background-repeat":"repeat","background-position":"center center","background-size":"auto","background-attachment":"scroll","background-type":"","background-media":"","overlay-type":"","overlay-color":"","overlay-opacity":"","overlay-gradient":""}},"ast-content-background-meta":{"desktop":{"background-color":"var(--ast-global-color-4)","background-image":"","background-repeat":"repeat","background-position":"center center","background-size":"auto","background-attachment":"scroll","background-type":"","background-media":"","overlay-type":"","overlay-color":"","overlay-opacity":"","overlay-gradient":""},"tablet":{"background-color":"var(--ast-global-color-4)","background-image":"","background-repeat":"repeat","background-position":"center center","background-size":"auto","background-attachment":"scroll","background-type":"","background-media":"","overlay-type":"","overlay-color":"","overlay-opacity":"","overlay-gradient":""},"mobile":{"background-color":"var(--ast-global-color-4)","background-image":"","background-repeat":"repeat","background-position":"center center","background-size":"auto","background-attachment":"scroll","background-type":"","background-media":"","overlay-type":"","overlay-color":"","overlay-opacity":"","overlay-gradient":""}},"_joinchat":[],"footnotes":""},"class_list":["post-50","page","type-page","status-publish","hentry"],"yoast_head":"<!-- This site is optimized with the Yoast SEO plugin v27.3 - https:\/\/yoast.com\/product\/yoast-seo-wordpress\/ -->\n<title>Qui\u00e9nes somos - Aeroespacio<\/title>\n<meta name=\"robots\" content=\"index, follow, max-snippet:-1, max-image-preview:large, max-video-preview:-1\" \/>\n<link rel=\"canonical\" href=\"https:\/\/aeroespacio.com.ar\/?page_id=50\" \/>\n<meta property=\"og:locale\" content=\"es_ES\" \/>\n<meta property=\"og:type\" content=\"article\" \/>\n<meta property=\"og:title\" content=\"Qui\u00e9nes somos - Aeroespacio\" \/>\n<meta property=\"og:description\" content=\"La revista aeroespacio\u00a0es una publicaci\u00f3n de la Fuerza A\u00e9rea Argentina que naci\u00f3 en octubre de 1941 con el nombre de [&hellip;]\" \/>\n<meta property=\"og:url\" content=\"https:\/\/aeroespacio.com.ar\/?page_id=50\" \/>\n<meta property=\"og:site_name\" content=\"Aeroespacio\" \/>\n<meta property=\"article:modified_time\" content=\"2026-03-18T14:07:00+00:00\" \/>\n<meta property=\"og:image\" content=\"https:\/\/aeroespacio.com.ar\/wp-content\/uploads\/2025\/10\/Portada-Nota-II.png\" \/>\n\t<meta property=\"og:image:width\" content=\"963\" \/>\n\t<meta property=\"og:image:height\" content=\"945\" \/>\n\t<meta property=\"og:image:type\" content=\"image\/png\" \/>\n<meta name=\"twitter:card\" content=\"summary_large_image\" \/>\n<meta name=\"twitter:label1\" content=\"Tiempo de lectura\" \/>\n\t<meta name=\"twitter:data1\" content=\"2 minutos\" \/>\n<script type=\"application\/ld+json\" class=\"yoast-schema-graph\">{\"@context\":\"https:\\\/\\\/schema.org\",\"@graph\":[{\"@type\":\"WebPage\",\"@id\":\"https:\\\/\\\/aeroespacio.com.ar\\\/?page_id=50\",\"url\":\"https:\\\/\\\/aeroespacio.com.ar\\\/?page_id=50\",\"name\":\"Qui\u00e9nes somos - Aeroespacio\",\"isPartOf\":{\"@id\":\"https:\\\/\\\/aeroespacio.com.ar\\\/#website\"},\"primaryImageOfPage\":{\"@id\":\"https:\\\/\\\/aeroespacio.com.ar\\\/?page_id=50#primaryimage\"},\"image\":{\"@id\":\"https:\\\/\\\/aeroespacio.com.ar\\\/?page_id=50#primaryimage\"},\"thumbnailUrl\":\"https:\\\/\\\/aeroespacio.com.ar\\\/wp-content\\\/uploads\\\/2025\\\/10\\\/Portada-Nota-II.png\",\"datePublished\":\"2022-03-16T22:26:57+00:00\",\"dateModified\":\"2026-03-18T14:07:00+00:00\",\"breadcrumb\":{\"@id\":\"https:\\\/\\\/aeroespacio.com.ar\\\/?page_id=50#breadcrumb\"},\"inLanguage\":\"es-AR\",\"potentialAction\":[{\"@type\":\"ReadAction\",\"target\":[\"https:\\\/\\\/aeroespacio.com.ar\\\/?page_id=50\"]}]},{\"@type\":\"ImageObject\",\"inLanguage\":\"es-AR\",\"@id\":\"https:\\\/\\\/aeroespacio.com.ar\\\/?page_id=50#primaryimage\",\"url\":\"https:\\\/\\\/aeroespacio.com.ar\\\/wp-content\\\/uploads\\\/2025\\\/10\\\/Portada-Nota-II.png\",\"contentUrl\":\"https:\\\/\\\/aeroespacio.com.ar\\\/wp-content\\\/uploads\\\/2025\\\/10\\\/Portada-Nota-II.png\",\"width\":963,\"height\":945},{\"@type\":\"BreadcrumbList\",\"@id\":\"https:\\\/\\\/aeroespacio.com.ar\\\/?page_id=50#breadcrumb\",\"itemListElement\":[{\"@type\":\"ListItem\",\"position\":1,\"name\":\"Inicio\",\"item\":\"https:\\\/\\\/aeroespacio.com.ar\\\/\"},{\"@type\":\"ListItem\",\"position\":2,\"name\":\"Qui\u00e9nes somos\"}]},{\"@type\":\"WebSite\",\"@id\":\"https:\\\/\\\/aeroespacio.com.ar\\\/#website\",\"url\":\"https:\\\/\\\/aeroespacio.com.ar\\\/\",\"name\":\"aeroespacio.com.ar\",\"description\":\"\",\"potentialAction\":[{\"@type\":\"SearchAction\",\"target\":{\"@type\":\"EntryPoint\",\"urlTemplate\":\"https:\\\/\\\/aeroespacio.com.ar\\\/?s={search_term_string}\"},\"query-input\":{\"@type\":\"PropertyValueSpecification\",\"valueRequired\":true,\"valueName\":\"search_term_string\"}}],\"inLanguage\":\"es-AR\"}]}<\/script>\n<!-- \/ Yoast SEO plugin. -->","yoast_head_json":{"title":"Qui\u00e9nes somos - Aeroespacio","robots":{"index":"index","follow":"follow","max-snippet":"max-snippet:-1","max-image-preview":"max-image-preview:large","max-video-preview":"max-video-preview:-1"},"canonical":"https:\/\/aeroespacio.com.ar\/?page_id=50","og_locale":"es_ES","og_type":"article","og_title":"Qui\u00e9nes somos - Aeroespacio","og_description":"La revista aeroespacio\u00a0es una publicaci\u00f3n de la Fuerza A\u00e9rea Argentina que naci\u00f3 en octubre de 1941 con el nombre de [&hellip;]","og_url":"https:\/\/aeroespacio.com.ar\/?page_id=50","og_site_name":"Aeroespacio","article_modified_time":"2026-03-18T14:07:00+00:00","og_image":[{"width":963,"height":945,"url":"https:\/\/aeroespacio.com.ar\/wp-content\/uploads\/2025\/10\/Portada-Nota-II.png","type":"image\/png"}],"twitter_card":"summary_large_image","twitter_misc":{"Tiempo de lectura":"2 minutos"},"schema":{"@context":"https:\/\/schema.org","@graph":[{"@type":"WebPage","@id":"https:\/\/aeroespacio.com.ar\/?page_id=50","url":"https:\/\/aeroespacio.com.ar\/?page_id=50","name":"Qui\u00e9nes somos - Aeroespacio","isPartOf":{"@id":"https:\/\/aeroespacio.com.ar\/#website"},"primaryImageOfPage":{"@id":"https:\/\/aeroespacio.com.ar\/?page_id=50#primaryimage"},"image":{"@id":"https:\/\/aeroespacio.com.ar\/?page_id=50#primaryimage"},"thumbnailUrl":"https:\/\/aeroespacio.com.ar\/wp-content\/uploads\/2025\/10\/Portada-Nota-II.png","datePublished":"2022-03-16T22:26:57+00:00","dateModified":"2026-03-18T14:07:00+00:00","breadcrumb":{"@id":"https:\/\/aeroespacio.com.ar\/?page_id=50#breadcrumb"},"inLanguage":"es-AR","potentialAction":[{"@type":"ReadAction","target":["https:\/\/aeroespacio.com.ar\/?page_id=50"]}]},{"@type":"ImageObject","inLanguage":"es-AR","@id":"https:\/\/aeroespacio.com.ar\/?page_id=50#primaryimage","url":"https:\/\/aeroespacio.com.ar\/wp-content\/uploads\/2025\/10\/Portada-Nota-II.png","contentUrl":"https:\/\/aeroespacio.com.ar\/wp-content\/uploads\/2025\/10\/Portada-Nota-II.png","width":963,"height":945},{"@type":"BreadcrumbList","@id":"https:\/\/aeroespacio.com.ar\/?page_id=50#breadcrumb","itemListElement":[{"@type":"ListItem","position":1,"name":"Inicio","item":"https:\/\/aeroespacio.com.ar\/"},{"@type":"ListItem","position":2,"name":"Qui\u00e9nes somos"}]},{"@type":"WebSite","@id":"https:\/\/aeroespacio.com.ar\/#website","url":"https:\/\/aeroespacio.com.ar\/","name":"aeroespacio.com.ar","description":"","potentialAction":[{"@type":"SearchAction","target":{"@type":"EntryPoint","urlTemplate":"https:\/\/aeroespacio.com.ar\/?s={search_term_string}"},"query-input":{"@type":"PropertyValueSpecification","valueRequired":true,"valueName":"search_term_string"}}],"inLanguage":"es-AR"}]}},"rttpg_featured_image_url":null,"rttpg_author":{"display_name":"Jose Operto","author_link":"https:\/\/aeroespacio.com.ar\/?author=20"},"rttpg_comment":0,"rttpg_category":null,"rttpg_excerpt":"La revista aeroespacio\u00a0es una publicaci\u00f3n de la Fuerza A\u00e9rea Argentina que naci\u00f3 en octubre de 1941 con el nombre de [&hellip;]","_links":{"self":[{"href":"https:\/\/aeroespacio.com.ar\/index.php?rest_route=\/wp\/v2\/pages\/50","targetHints":{"allow":["GET"]}}],"collection":[{"href":"https:\/\/aeroespacio.com.ar\/index.php?rest_route=\/wp\/v2\/pages"}],"about":[{"href":"https:\/\/aeroespacio.com.ar\/index.php?rest_route=\/wp\/v2\/types\/page"}],"author":[{"embeddable":true,"href":"https:\/\/aeroespacio.com.ar\/index.php?rest_route=\/wp\/v2\/users\/20"}],"replies":[{"embeddable":true,"href":"https:\/\/aeroespacio.com.ar\/index.php?rest_route=%2Fwp%2Fv2%2Fcomments&post=50"}],"version-history":[{"count":69,"href":"https:\/\/aeroespacio.com.ar\/index.php?rest_route=\/wp\/v2\/pages\/50\/revisions"}],"predecessor-version":[{"id":17846,"href":"https:\/\/aeroespacio.com.ar\/index.php?rest_route=\/wp\/v2\/pages\/50\/revisions\/17846"}],"wp:attachment":[{"href":"https:\/\/aeroespacio.com.ar\/index.php?rest_route=%2Fwp%2Fv2%2Fmedia&parent=50"}],"curies":[{"name":"wp","href":"https:\/\/api.w.org\/{rel}","templated":true}]}}